{"id":1240,"date":"2021-12-10T12:22:18","date_gmt":"2021-12-10T12:22:18","guid":{"rendered":"https:\/\/institutesteticacreugroga.com\/drenatge-limfatic\/"},"modified":"2022-01-20T10:55:56","modified_gmt":"2022-01-20T10:55:56","slug":"drenaje-linfatico","status":"publish","type":"page","link":"https:\/\/institutesteticacreugroga.com\/es\/belleza-y-bienestar\/drenaje-linfatico\/","title":{"rendered":"Drenaje Linf\u00e1tico"},"content":{"rendered":"<div id='full_slider_1'  class='avia-fullwidth-slider main_color avia-shadow av-small-hide av-mini-hide  avia-builder-el-0  el_before_av_slideshow_full  avia-builder-el-first   container_wrap fullsize'  ><div  class='avia-slideshow av-56gwv-c3c47c064e3f2a3ba5d264895502f3c3 avia-slideshow-featured av_slideshow_full avia-slide-slider av-small-hide av-mini-hide av-slideshow-ui av-control-default av-slideshow-manual av-loop-once av-loop-manual-endless av-default-height-applied   avia-slideshow-1' data-slideshow-options=\"{&quot;animation&quot;:&quot;slide&quot;,&quot;autoplay&quot;:false,&quot;loop_autoplay&quot;:&quot;once&quot;,&quot;interval&quot;:5,&quot;loop_manual&quot;:&quot;manual-endless&quot;,&quot;autoplay_stopper&quot;:false,&quot;noNavigation&quot;:false,&quot;bg_slider&quot;:false,&quot;keep_padding&quot;:false,&quot;hoverpause&quot;:false,&quot;show_slide_delay&quot;:0}\"  itemprop=\"image\" itemscope=\"itemscope\" itemtype=\"https:\/\/schema.org\/ImageObject\" ><ul class='avia-slideshow-inner ' style='padding-bottom: 28.666666666667%;'><li  class='avia-slideshow-slide av-56gwv-c3c47c064e3f2a3ba5d264895502f3c3__0  av-single-slide slide-1 slide-odd'><div data-rel='slideshow-1' class='avia-slide-wrap '   ><img decoding=\"async\" fetchpriority=\"high\" class=\"wp-image-1109 avia-img-lazy-loading-not-1109\"  src=\"https:\/\/institutesteticacreugroga.com\/wp-content\/uploads\/2021\/12\/Slider-DrenatgeLinfatic-InstitutEsteticCG-1500x430.jpg\" width=\"1500\" height=\"430\" title='Slider-DrenatgeLinfatic-InstitutEsteticCG' alt=''  itemprop=\"thumbnailUrl\" srcset=\"https:\/\/institutesteticacreugroga.com\/wp-content\/uploads\/2021\/12\/Slider-DrenatgeLinfatic-InstitutEsteticCG.jpg 1500w, https:\/\/institutesteticacreugroga.com\/wp-content\/uploads\/2021\/12\/Slider-DrenatgeLinfatic-InstitutEsteticCG-300x86.jpg 300w, https:\/\/institutesteticacreugroga.com\/wp-content\/uploads\/2021\/12\/Slider-DrenatgeLinfatic-InstitutEsteticCG-1030x295.jpg 1030w, https:\/\/institutesteticacreugroga.com\/wp-content\/uploads\/2021\/12\/Slider-DrenatgeLinfatic-InstitutEsteticCG-768x220.jpg 768w, https:\/\/institutesteticacreugroga.com\/wp-content\/uploads\/2021\/12\/Slider-DrenatgeLinfatic-InstitutEsteticCG-705x202.jpg 705w, https:\/\/institutesteticacreugroga.com\/wp-content\/uploads\/2021\/12\/Slider-DrenatgeLinfatic-InstitutEsteticCG-240x69.jpg 240w\" sizes=\"(max-width: 1500px) 100vw, 1500px\" \/><\/div><\/li><\/ul><\/div><\/div>\n<div id='full_slider_2'  class='avia-fullwidth-slider main_color avia-shadow av-desktop-hide av-medium-hide  avia-builder-el-1  el_after_av_slideshow_full  el_before_av_one_full   slider-not-first container_wrap fullsize'  ><div  class='avia-slideshow av-11punz-7f1402b8b09ba9872dffdc1bce241728 avia-slideshow-no scaling av_slideshow_full avia-slide-slider av-desktop-hide av-medium-hide av-slideshow-ui av-control-default av-slideshow-manual av-loop-once av-loop-manual-endless av-default-height-applied   avia-slideshow-2' data-slideshow-options=\"{&quot;animation&quot;:&quot;slide&quot;,&quot;autoplay&quot;:false,&quot;loop_autoplay&quot;:&quot;once&quot;,&quot;interval&quot;:5,&quot;loop_manual&quot;:&quot;manual-endless&quot;,&quot;autoplay_stopper&quot;:false,&quot;noNavigation&quot;:false,&quot;bg_slider&quot;:false,&quot;keep_padding&quot;:false,&quot;hoverpause&quot;:false,&quot;show_slide_delay&quot;:0}\"  itemprop=\"image\" itemscope=\"itemscope\" itemtype=\"https:\/\/schema.org\/ImageObject\" ><ul class='avia-slideshow-inner ' style='padding-bottom: 100%;'><li  class='avia-slideshow-slide av-11punz-7f1402b8b09ba9872dffdc1bce241728__0  av-single-slide slide-1 slide-odd'><div data-rel='slideshow-2' class='avia-slide-wrap '   ><img decoding=\"async\" fetchpriority=\"high\" class=\"wp-image-861 avia-img-lazy-loading-not-861\"  src=\"https:\/\/institutesteticacreugroga.com\/wp-content\/uploads\/2021\/12\/DrenatgeLinfatic-InstitutEsteticCG.jpg\" width=\"800\" height=\"800\" title='DrenatgeLinfatic-InstitutEsteticCG' alt=''  itemprop=\"thumbnailUrl\" srcset=\"https:\/\/institutesteticacreugroga.com\/wp-content\/uploads\/2021\/12\/DrenatgeLinfatic-InstitutEsteticCG.jpg 800w, https:\/\/institutesteticacreugroga.com\/wp-content\/uploads\/2021\/12\/DrenatgeLinfatic-InstitutEsteticCG-300x300.jpg 300w, https:\/\/institutesteticacreugroga.com\/wp-content\/uploads\/2021\/12\/DrenatgeLinfatic-InstitutEsteticCG-80x80.jpg 80w, https:\/\/institutesteticacreugroga.com\/wp-content\/uploads\/2021\/12\/DrenatgeLinfatic-InstitutEsteticCG-768x768.jpg 768w, https:\/\/institutesteticacreugroga.com\/wp-content\/uploads\/2021\/12\/DrenatgeLinfatic-InstitutEsteticCG-36x36.jpg 36w, https:\/\/institutesteticacreugroga.com\/wp-content\/uploads\/2021\/12\/DrenatgeLinfatic-InstitutEsteticCG-180x180.jpg 180w, https:\/\/institutesteticacreugroga.com\/wp-content\/uploads\/2021\/12\/DrenatgeLinfatic-InstitutEsteticCG-705x705.jpg 705w, https:\/\/institutesteticacreugroga.com\/wp-content\/uploads\/2021\/12\/DrenatgeLinfatic-InstitutEsteticCG-32x32.jpg 32w, https:\/\/institutesteticacreugroga.com\/wp-content\/uploads\/2021\/12\/DrenatgeLinfatic-InstitutEsteticCG-48x48.jpg 48w\" sizes=\"(max-width: 800px) 100vw, 800px\" \/><\/div><\/li><\/ul><\/div><\/div><div id='after_full_slider_2'  class='main_color av_default_container_wrap container_wrap fullsize'  ><div class='container av-section-cont-open' ><div class='template-page content  av-content-full alpha units'><div class='post-entry post-entry-type-page post-entry-1240'><div class='entry-content-wrapper clearfix'>\n<div  class='flex_column av-senjb-ba9ed3219941ce946e943cae32d9b1ae av_one_full  avia-builder-el-2  el_after_av_slideshow_full  el_before_av_one_half  avia-builder-el-first  first flex_column_div  '     ><style type=\"text\/css\" data-created_by=\"avia_inline_auto\" id=\"style-css-av-kx0cshps-b7f019ab6c68cc1c84aba952fa15dcca\">\n#top .av_textblock_section.av-kx0cshps-b7f019ab6c68cc1c84aba952fa15dcca .avia_textblock{\ncolor:#e8d17c;\n}\n<\/style>\n<section  class='av_textblock_section av-kx0cshps-b7f019ab6c68cc1c84aba952fa15dcca '   itemscope=\"itemscope\" itemtype=\"https:\/\/schema.org\/CreativeWork\" ><div class='avia_textblock av_inherit_color'  itemprop=\"text\" ><h2 style=\"text-align: center; font-weight: 500;\">Drenaje Linf\u00e1tico<\/h2>\n<\/div><\/section><br \/>\n\n<style type=\"text\/css\" data-created_by=\"avia_inline_auto\" id=\"style-css-av-25i2n-a5aede17b3cf5326e15b46be53ffcf4e\">\n#top .hr.av-25i2n-a5aede17b3cf5326e15b46be53ffcf4e{\nmargin-top:0px;\nmargin-bottom:30px;\n}\n.hr.av-25i2n-a5aede17b3cf5326e15b46be53ffcf4e .hr-inner{\nwidth:50px;\nborder-color:#e8d07c;\n}\n<\/style>\n<div  class='hr av-25i2n-a5aede17b3cf5326e15b46be53ffcf4e hr-custom  avia-builder-el-4  el_after_av_textblock  el_before_av_textblock  hr-center hr-icon-no'><span class='hr-inner inner-border-av-border-thin'><span class=\"hr-inner-style\"><\/span><\/span><\/div><br \/>\n<section  class='av_textblock_section av-kx0ctn94-1fbbe840f2525500c8cb53ff4dd7dc35 '   itemscope=\"itemscope\" itemtype=\"https:\/\/schema.org\/CreativeWork\" ><div class='avia_textblock'  itemprop=\"text\" ><p>El <strong>drenaje linf\u00e1tico manual (DLM)<\/strong> es una t\u00e9cnica de masoterapia que se engloba en los campos de la fisioterapia y la medicina alternativa. Orientado a la activaci\u00f3n del funcionamiento del sistema linf\u00e1tico superficial para mejorar la eliminaci\u00f3n de l\u00edquido intersticial y de las mol\u00e9culas de gran tama\u00f1o y facilitar su evacuaci\u00f3n Indicado para:<\/p>\n<\/div><\/section><\/p><\/div><div  class='flex_column av-dlr4f-9914cd55f59ab007b2fdcaeee962dab9 av_one_half  avia-builder-el-6  el_after_av_one_full  el_before_av_one_half  first flex_column_div  column-top-margin'     ><style type=\"text\/css\" data-created_by=\"avia_inline_auto\" id=\"style-css-av-kx0cyaue-537bacf89f9f551e658f6372dbfab8c4\">\n#top .avia-icon-list-container.av-kx0cyaue-537bacf89f9f551e658f6372dbfab8c4 .iconlist_icon{\ncolor:#e8d07c;\nfont-size:17px;\n}\n#top .avia-icon-list-container.av-kx0cyaue-537bacf89f9f551e658f6372dbfab8c4 .iconlist_icon svg:first-child{\nstroke:#e8d07c;\nfill:#e8d07c;\nheight:17px;\nwidth:17px;\n}\n#top #wrap_all .avia-icon-list-container.av-kx0cyaue-537bacf89f9f551e658f6372dbfab8c4 .av_iconlist_title{\nfont-size:17px;\ncolor:#5a595b;\n}\n.avia-icon-list-container.av-kx0cyaue-537bacf89f9f551e658f6372dbfab8c4 .iconlist_content{\ncolor:#5a595b;\n}\n<\/style>\n<div  class='avia-icon-list-container av-kx0cyaue-537bacf89f9f551e658f6372dbfab8c4  avia-builder-el-7  avia-builder-el-no-sibling '><ul class='avia-icon-list avia_animate_when_almost_visible avia-icon-list-left av-iconlist-small av-kx0cyaue-537bacf89f9f551e658f6372dbfab8c4 avia-iconlist-animate'>\n<li><div class='iconlist_icon av-kx0cuypx-2fd6b8e8c5353f5bb6cb19bc503bd1e0 avia-font-entypo-fontello avia-iconfont avia-font-entypo-fontello'><span class='av-icon-char' data-av_icon='\ue875' data-av_iconfont='entypo-fontello' aria-hidden=\"true\"><\/span><\/div><article class=\"article-icon-entry av-iconlist-empty\"  itemscope=\"itemscope\" itemtype=\"https:\/\/schema.org\/CreativeWork\" ><div class=\"iconlist_content_wrap\"><header class=\"entry-content-header\" aria-label=\"Icon: &lt;strong&gt;Trastornos vasculares perif\u00e9ricos (varices, piernas cansadas)&lt;\/strong&gt;\"><div class='av_iconlist_title iconlist_title_small  av_inherit_color'  itemprop=\"headline\" ><strong>Trastornos vasculares perif\u00e9ricos (varices, piernas cansadas)<\/strong><\/div><\/header><div class='iconlist_content av_inherit_color'  itemprop=\"text\" ><\/div><\/div><footer class=\"entry-footer\"><\/footer><\/article><div class=\"iconlist-timeline\"><\/div><\/li>\n<li><div class='iconlist_icon av-kx0cv7vy-896bfeab01d3e4c4b055c3277ead437f avia-font-entypo-fontello avia-iconfont avia-font-entypo-fontello'><span class='av-icon-char' data-av_icon='\ue875' data-av_iconfont='entypo-fontello' aria-hidden=\"true\"><\/span><\/div><article class=\"article-icon-entry av-iconlist-empty\"  itemscope=\"itemscope\" itemtype=\"https:\/\/schema.org\/CreativeWork\" ><div class=\"iconlist_content_wrap\"><header class=\"entry-content-header\" aria-label=\"Icon: &lt;strong&gt;Lintedermes y retenci\u00f3n de l\u00edquidos&lt;\/strong&gt;\"><div class='av_iconlist_title iconlist_title_small  av_inherit_color'  itemprop=\"headline\" ><strong>Lintedermes y retenci\u00f3n de l\u00edquidos<\/strong><\/div><\/header><div class='iconlist_content av_inherit_color'  itemprop=\"text\" ><\/div><\/div><footer class=\"entry-footer\"><\/footer><\/article><div class=\"iconlist-timeline\"><\/div><\/li>\n<li><div class='iconlist_icon av-kx0cv7vy-ca1b7d7a36376795b32af49f22e787df avia-font-entypo-fontello avia-iconfont avia-font-entypo-fontello'><span class='av-icon-char' data-av_icon='\ue875' data-av_iconfont='entypo-fontello' aria-hidden=\"true\"><\/span><\/div><article class=\"article-icon-entry av-iconlist-empty\"  itemscope=\"itemscope\" itemtype=\"https:\/\/schema.org\/CreativeWork\" ><div class=\"iconlist_content_wrap\"><header class=\"entry-content-header\" aria-label=\"Icon: &lt;strong&gt;En edemas locales por intervenciones quir\u00fargicas&lt;\/strong&gt;\"><div class='av_iconlist_title iconlist_title_small  av_inherit_color'  itemprop=\"headline\" ><strong>En edemas locales por intervenciones quir\u00fargicas<\/strong><\/div><\/header><div class='iconlist_content av_inherit_color'  itemprop=\"text\" ><\/div><\/div><footer class=\"entry-footer\"><\/footer><\/article><div class=\"iconlist-timeline\"><\/div><\/li>\n<li><div class='iconlist_icon av-kx0cv7vy-b73e588e7f173f0d46b54f6a48b44709 avia-font-entypo-fontello avia-iconfont avia-font-entypo-fontello'><span class='av-icon-char' data-av_icon='\ue875' data-av_iconfont='entypo-fontello' aria-hidden=\"true\"><\/span><\/div><article class=\"article-icon-entry av-iconlist-empty\"  itemscope=\"itemscope\" itemtype=\"https:\/\/schema.org\/CreativeWork\" ><div class=\"iconlist_content_wrap\"><header class=\"entry-content-header\" aria-label=\"Icon: &lt;strong&gt;En edemas de origen traum\u00e1tico&lt;\/strong&gt;\"><div class='av_iconlist_title iconlist_title_small  av_inherit_color'  itemprop=\"headline\" ><strong>En edemas de origen traum\u00e1tico<\/strong><\/div><\/header><div class='iconlist_content av_inherit_color'  itemprop=\"text\" ><\/div><\/div><footer class=\"entry-footer\"><\/footer><\/article><div class=\"iconlist-timeline\"><\/div><\/li>\n<\/ul><\/div><\/div><div  class='flex_column av-80d4f-ff372e7101348e4ccad9a21830f45986 av_one_half  avia-builder-el-8  el_after_av_one_half  el_before_av_hr  flex_column_div  column-top-margin'     ><style type=\"text\/css\" data-created_by=\"avia_inline_auto\" id=\"style-css-av-kx0czrrf-433482530b2c8a0fdd4f2622605107e9\">\n#top .avia-icon-list-container.av-kx0czrrf-433482530b2c8a0fdd4f2622605107e9 .iconlist_icon{\ncolor:#e8d07c;\nfont-size:17px;\n}\n#top .avia-icon-list-container.av-kx0czrrf-433482530b2c8a0fdd4f2622605107e9 .iconlist_icon svg:first-child{\nstroke:#e8d07c;\nfill:#e8d07c;\nheight:17px;\nwidth:17px;\n}\n#top #wrap_all .avia-icon-list-container.av-kx0czrrf-433482530b2c8a0fdd4f2622605107e9 .av_iconlist_title{\nfont-size:17px;\ncolor:#5a595b;\n}\n.avia-icon-list-container.av-kx0czrrf-433482530b2c8a0fdd4f2622605107e9 .iconlist_content{\ncolor:#5a595b;\n}\n<\/style>\n<div  class='avia-icon-list-container av-kx0czrrf-433482530b2c8a0fdd4f2622605107e9  avia-builder-el-9  avia-builder-el-no-sibling '><ul class='avia-icon-list avia_animate_when_almost_visible avia-icon-list-left av-iconlist-small av-kx0czrrf-433482530b2c8a0fdd4f2622605107e9 avia-iconlist-animate'>\n<li><div class='iconlist_icon av-kx0cyrt2-1621453177c1e9232fdcdafe7acd76e4 avia-font-entypo-fontello avia-iconfont avia-font-entypo-fontello'><span class='av-icon-char' data-av_icon='\ue875' data-av_iconfont='entypo-fontello' aria-hidden=\"true\"><\/span><\/div><article class=\"article-icon-entry av-iconlist-empty\"  itemscope=\"itemscope\" itemtype=\"https:\/\/schema.org\/CreativeWork\" ><div class=\"iconlist_content_wrap\"><header class=\"entry-content-header\" aria-label=\"Icon: &lt;strong&gt;Apoyo en dietas de adelgazamiento&lt;\/strong&gt;\"><div class='av_iconlist_title iconlist_title_small  av_inherit_color'  itemprop=\"headline\" ><strong>Apoyo en dietas de adelgazamiento<\/strong><\/div><\/header><div class='iconlist_content av_inherit_color'  itemprop=\"text\" ><\/div><\/div><footer class=\"entry-footer\"><\/footer><\/article><div class=\"iconlist-timeline\"><\/div><\/li>\n<li><div class='iconlist_icon av-kx0cz81l-972b888178edbc4d461adc9a7defab59 avia-font-entypo-fontello avia-iconfont avia-font-entypo-fontello'><span class='av-icon-char' data-av_icon='\ue875' data-av_iconfont='entypo-fontello' aria-hidden=\"true\"><\/span><\/div><article class=\"article-icon-entry av-iconlist-empty\"  itemscope=\"itemscope\" itemtype=\"https:\/\/schema.org\/CreativeWork\" ><div class=\"iconlist_content_wrap\"><header class=\"entry-content-header\" aria-label=\"Icon: &lt;strong&gt;Curas en el embarazo o posparto&lt;\/strong&gt;\"><div class='av_iconlist_title iconlist_title_small  av_inherit_color'  itemprop=\"headline\" ><strong>Curas en el embarazo o posparto<\/strong><\/div><\/header><div class='iconlist_content av_inherit_color'  itemprop=\"text\" ><\/div><\/div><footer class=\"entry-footer\"><\/footer><\/article><div class=\"iconlist-timeline\"><\/div><\/li>\n<li><div class='iconlist_icon av-kx0cz81l-e50d0441c73fcaf1caac696d129d3e2e avia-font-entypo-fontello avia-iconfont avia-font-entypo-fontello'><span class='av-icon-char' data-av_icon='\ue875' data-av_iconfont='entypo-fontello' aria-hidden=\"true\"><\/span><\/div><article class=\"article-icon-entry av-iconlist-empty\"  itemscope=\"itemscope\" itemtype=\"https:\/\/schema.org\/CreativeWork\" ><div class=\"iconlist_content_wrap\"><header class=\"entry-content-header\" aria-label=\"Icon: &lt;strong&gt;Trastornos dermatol\u00f3gicos o del aparato digestivo&lt;\/strong&gt;\"><div class='av_iconlist_title iconlist_title_small  av_inherit_color'  itemprop=\"headline\" ><strong>Trastornos dermatol\u00f3gicos o del aparato digestivo<\/strong><\/div><\/header><div class='iconlist_content av_inherit_color'  itemprop=\"text\" ><\/div><\/div><footer class=\"entry-footer\"><\/footer><\/article><div class=\"iconlist-timeline\"><\/div><\/li>\n<\/ul><\/div><\/div>\n<style type=\"text\/css\" data-created_by=\"avia_inline_auto\" id=\"style-css-av-kx8ry9o6-248894af5569f706086ad0cad6e9315b\">\n#top .hr.hr-invisible.av-kx8ry9o6-248894af5569f706086ad0cad6e9315b{\nheight:100px;\n}\n<\/style>\n<div  class='hr av-kx8ry9o6-248894af5569f706086ad0cad6e9315b hr-invisible  avia-builder-el-10  el_after_av_one_half  avia-builder-el-last '><span class='hr-inner '><span class=\"hr-inner-style\"><\/span><\/span><\/div><\/p>\n","protected":false},"excerpt":{"rendered":"","protected":false},"author":2,"featured_media":0,"parent":1287,"menu_order":0,"comment_status":"closed","ping_status":"closed","template":"","meta":{"footnotes":""},"class_list":["post-1240","page","type-page","status-publish","hentry"],"yoast_head":"<!-- This site is optimized with the Yoast SEO plugin v27.4 - https:\/\/yoast.com\/product\/yoast-seo-wordpress\/ -->\n<title>Drenaje Linf\u00e1tico - Institut Estetica Creu Groga<\/title>\n<meta name=\"robots\" content=\"index, follow, max-snippet:-1, max-image-preview:large, max-video-preview:-1\" \/>\n<link rel=\"canonical\" href=\"https:\/\/institutesteticacreugroga.com\/es\/belleza-y-bienestar\/drenaje-linfatico\/\" \/>\n<meta property=\"og:locale\" content=\"es_ES\" \/>\n<meta property=\"og:type\" content=\"article\" \/>\n<meta property=\"og:title\" content=\"Drenaje Linf\u00e1tico - Institut Estetica Creu Groga\" \/>\n<meta property=\"og:url\" content=\"https:\/\/institutesteticacreugroga.com\/es\/belleza-y-bienestar\/drenaje-linfatico\/\" \/>\n<meta property=\"og:site_name\" content=\"Institut Estetica Creu Groga\" \/>\n<meta property=\"article:modified_time\" content=\"2022-01-20T10:55:56+00:00\" \/>\n<meta name=\"twitter:card\" content=\"summary_large_image\" \/>\n<meta name=\"twitter:label1\" content=\"Tiempo de lectura\" \/>\n\t<meta name=\"twitter:data1\" content=\"10 minutos\" \/>\n<script type=\"application\/ld+json\" class=\"yoast-schema-graph\">{\"@context\":\"https:\\\/\\\/schema.org\",\"@graph\":[{\"@type\":\"WebPage\",\"@id\":\"https:\\\/\\\/institutesteticacreugroga.com\\\/es\\\/belleza-y-bienestar\\\/drenaje-linfatico\\\/\",\"url\":\"https:\\\/\\\/institutesteticacreugroga.com\\\/es\\\/belleza-y-bienestar\\\/drenaje-linfatico\\\/\",\"name\":\"Drenaje Linf\u00e1tico - Institut Estetica Creu Groga\",\"isPartOf\":{\"@id\":\"https:\\\/\\\/institutesteticacreugroga.com\\\/es\\\/#website\"},\"datePublished\":\"2021-12-10T12:22:18+00:00\",\"dateModified\":\"2022-01-20T10:55:56+00:00\",\"breadcrumb\":{\"@id\":\"https:\\\/\\\/institutesteticacreugroga.com\\\/es\\\/belleza-y-bienestar\\\/drenaje-linfatico\\\/#breadcrumb\"},\"inLanguage\":\"es\",\"potentialAction\":[{\"@type\":\"ReadAction\",\"target\":[\"https:\\\/\\\/institutesteticacreugroga.com\\\/es\\\/belleza-y-bienestar\\\/drenaje-linfatico\\\/\"]}]},{\"@type\":\"BreadcrumbList\",\"@id\":\"https:\\\/\\\/institutesteticacreugroga.com\\\/es\\\/belleza-y-bienestar\\\/drenaje-linfatico\\\/#breadcrumb\",\"itemListElement\":[{\"@type\":\"ListItem\",\"position\":1,\"name\":\"Portada\",\"item\":\"https:\\\/\\\/institutesteticacreugroga.com\\\/es\\\/inicio\\\/\"},{\"@type\":\"ListItem\",\"position\":2,\"name\":\"Belleza y Bienestar\",\"item\":\"https:\\\/\\\/institutesteticacreugroga.com\\\/es\\\/belleza-y-bienestar\\\/\"},{\"@type\":\"ListItem\",\"position\":3,\"name\":\"Drenaje Linf\u00e1tico\"}]},{\"@type\":\"WebSite\",\"@id\":\"https:\\\/\\\/institutesteticacreugroga.com\\\/es\\\/#website\",\"url\":\"https:\\\/\\\/institutesteticacreugroga.com\\\/es\\\/\",\"name\":\"Institut Estetica Creu Groga\",\"description\":\"Just another WordPress site\",\"potentialAction\":[{\"@type\":\"SearchAction\",\"target\":{\"@type\":\"EntryPoint\",\"urlTemplate\":\"https:\\\/\\\/institutesteticacreugroga.com\\\/es\\\/?s={search_term_string}\"},\"query-input\":{\"@type\":\"PropertyValueSpecification\",\"valueRequired\":true,\"valueName\":\"search_term_string\"}}],\"inLanguage\":\"es\"}]}<\/script>\n<!-- \/ Yoast SEO plugin. -->","yoast_head_json":{"title":"Drenaje Linf\u00e1tico - Institut Estetica Creu Groga","robots":{"index":"index","follow":"follow","max-snippet":"max-snippet:-1","max-image-preview":"max-image-preview:large","max-video-preview":"max-video-preview:-1"},"canonical":"https:\/\/institutesteticacreugroga.com\/es\/belleza-y-bienestar\/drenaje-linfatico\/","og_locale":"es_ES","og_type":"article","og_title":"Drenaje Linf\u00e1tico - Institut Estetica Creu Groga","og_url":"https:\/\/institutesteticacreugroga.com\/es\/belleza-y-bienestar\/drenaje-linfatico\/","og_site_name":"Institut Estetica Creu Groga","article_modified_time":"2022-01-20T10:55:56+00:00","twitter_card":"summary_large_image","twitter_misc":{"Tiempo de lectura":"10 minutos"},"schema":{"@context":"https:\/\/schema.org","@graph":[{"@type":"WebPage","@id":"https:\/\/institutesteticacreugroga.com\/es\/belleza-y-bienestar\/drenaje-linfatico\/","url":"https:\/\/institutesteticacreugroga.com\/es\/belleza-y-bienestar\/drenaje-linfatico\/","name":"Drenaje Linf\u00e1tico - Institut Estetica Creu Groga","isPartOf":{"@id":"https:\/\/institutesteticacreugroga.com\/es\/#website"},"datePublished":"2021-12-10T12:22:18+00:00","dateModified":"2022-01-20T10:55:56+00:00","breadcrumb":{"@id":"https:\/\/institutesteticacreugroga.com\/es\/belleza-y-bienestar\/drenaje-linfatico\/#breadcrumb"},"inLanguage":"es","potentialAction":[{"@type":"ReadAction","target":["https:\/\/institutesteticacreugroga.com\/es\/belleza-y-bienestar\/drenaje-linfatico\/"]}]},{"@type":"BreadcrumbList","@id":"https:\/\/institutesteticacreugroga.com\/es\/belleza-y-bienestar\/drenaje-linfatico\/#breadcrumb","itemListElement":[{"@type":"ListItem","position":1,"name":"Portada","item":"https:\/\/institutesteticacreugroga.com\/es\/inicio\/"},{"@type":"ListItem","position":2,"name":"Belleza y Bienestar","item":"https:\/\/institutesteticacreugroga.com\/es\/belleza-y-bienestar\/"},{"@type":"ListItem","position":3,"name":"Drenaje Linf\u00e1tico"}]},{"@type":"WebSite","@id":"https:\/\/institutesteticacreugroga.com\/es\/#website","url":"https:\/\/institutesteticacreugroga.com\/es\/","name":"Institut Estetica Creu Groga","description":"Just another WordPress site","potentialAction":[{"@type":"SearchAction","target":{"@type":"EntryPoint","urlTemplate":"https:\/\/institutesteticacreugroga.com\/es\/?s={search_term_string}"},"query-input":{"@type":"PropertyValueSpecification","valueRequired":true,"valueName":"search_term_string"}}],"inLanguage":"es"}]}},"_links":{"self":[{"href":"https:\/\/institutesteticacreugroga.com\/es\/wp-json\/wp\/v2\/pages\/1240","targetHints":{"allow":["GET"]}}],"collection":[{"href":"https:\/\/institutesteticacreugroga.com\/es\/wp-json\/wp\/v2\/pages"}],"about":[{"href":"https:\/\/institutesteticacreugroga.com\/es\/wp-json\/wp\/v2\/types\/page"}],"author":[{"embeddable":true,"href":"https:\/\/institutesteticacreugroga.com\/es\/wp-json\/wp\/v2\/users\/2"}],"replies":[{"embeddable":true,"href":"https:\/\/institutesteticacreugroga.com\/es\/wp-json\/wp\/v2\/comments?post=1240"}],"version-history":[{"count":0,"href":"https:\/\/institutesteticacreugroga.com\/es\/wp-json\/wp\/v2\/pages\/1240\/revisions"}],"up":[{"embeddable":true,"href":"https:\/\/institutesteticacreugroga.com\/es\/wp-json\/wp\/v2\/pages\/1287"}],"wp:attachment":[{"href":"https:\/\/institutesteticacreugroga.com\/es\/wp-json\/wp\/v2\/media?parent=1240"}],"curies":[{"name":"wp","href":"https:\/\/api.w.org\/{rel}","templated":true}]}}