{"id":1304,"date":"2021-11-11T08:13:18","date_gmt":"2021-11-11T08:13:18","guid":{"rendered":"https:\/\/institutesteticacreugroga.com\/politica-de-privacitat\/"},"modified":"2024-05-31T07:22:59","modified_gmt":"2024-05-31T07:22:59","slug":"politica-de-privacidad","status":"publish","type":"page","link":"https:\/\/institutesteticacreugroga.com\/es\/politica-de-privacidad\/","title":{"rendered":"Pol\u00edtica de privacidad"},"content":{"rendered":"<div  class='flex_column av-2d5888-78ed4dc3fcfd5b6e00aed3774f01bdcb av_one_full  avia-builder-el-0  avia-builder-el-no-sibling  first flex_column_div  '     ><section  class='av_textblock_section av-lkvc0il4-0130b38db5f0d8002552a5696f7eef96 '   itemscope=\"itemscope\" itemtype=\"https:\/\/schema.org\/CreativeWork\" ><div class='avia_textblock'  itemprop=\"text\" ><h1>POL\u00cdTICA DE PRIVACIDAD<\/h1>\n<p><strong>\u00a0<\/strong><\/p>\n<blockquote>\n<h2><strong>INFORMACI\u00d3N AL USUARIO<\/strong><\/h2>\n<\/blockquote>\n<h3>\u00bfQui\u00e9n es el responsable del tratamiento de tus datos personales?<\/h3>\n<p><strong>Institut de Medicina Est\u00e9tica Avan\u00e7ada pertenece a Grupo Creu Groga <\/strong>que es el RESPONSABLE del tratamiento de los datos personales del USUARIO y le informa de que estos datos ser\u00e1n tratados de conformidad con lo dispuesto en el Reglamento (UE) 2016\/679, de 27 de abril (GDPR), y la Ley Org\u00e1nica 3\/2018, de 5 de diciembre (LOPDGDD).<\/p>\n<h3>\u00bfPara qu\u00e9 tratamos tus datos personales y por qu\u00e9 lo hacemos?<\/h3>\n<p>Seg\u00fan el formulario donde hayamos obtenido sus datos personales, los trataremos de manera confidencial para alcanzar los siguientes fines:<\/p>\n<p><strong>En el formulario Contacto<\/strong><\/p>\n<p>Dar respuesta a las consultas o cualquier tipo de petici\u00f3n que sea realizada por el usuario a trav\u00e9s de cualquiera de las formas de contacto que se ponen a su disposici\u00f3n en la p\u00e1gina web del responsable. (<em>por el inter\u00e9s leg\u00edtimo del responsable, art. 6.1.f GDPR<\/em>)<\/p>\n<p>Realizar an\u00e1lisis estad\u00edsticos y estudios de mercado. (<em>por<\/em> <em>el<\/em> <em>inter\u00e9s<\/em> <em>leg\u00edtimo<\/em> <em>del<\/em> <em>responsable,<\/em> <em>art.<\/em> <em>6.1.f<\/em> <em>GDPR<\/em>)<\/p>\n<p><strong>En el formulario Canal \u00e9tico o de denuncias<\/strong><\/p>\n<p>Gestionar adecuadamente el canal \u00e9tico, tramitando las correspondientes irregularidades notificadas a trav\u00e9s del mismo, y decidiendo sobre la procedencia de iniciar una investigaci\u00f3n, al objeto de detectar posibles delitos y prevenir la imposici\u00f3n de cualquier tipo de responsabilidad, as\u00ed como para evitar cualquier tipo de conducta contraria a la normativa interna o externa de la entidad.<\/p>\n<p>(<em>para<\/em> <em>el<\/em> <em>cumplimiento<\/em> <em>de<\/em> <em>una<\/em> <em>obligaci\u00f3n<\/em> <em>legal,<\/em> <em>6.1.c<\/em> <em>GDPR<\/em>)<\/p>\n<p><strong>En los Datos de Salud<\/strong><\/p>\n<p>Para prestarle la asistencia sanitaria solicitada o que sea necesaria y gestionar adecuadamente los servicios sanitarios y administrativos necesarios para la misma, servicios que pueden incluir:<\/p>\n<ul>\n<li>Mantenimiento de su historial cl\u00ednico<\/li>\n<li>Comunicaciones sobre los estudios realizados.<\/li>\n<li>Realizaci\u00f3n de encuestas de satisfacci\u00f3n relacionadas con nuestros servicios.<\/li>\n<li>Emisi\u00f3n de justificantes de su asistencia a nuestro centro, conforme a la normativa.<\/li>\n<\/ul>\n<p>Para investigaci\u00f3n cient\u00edfica con las pruebas diagn\u00f3sticas.<\/p>\n<p>Para el env\u00edo de comunicaciones comerciales con informaci\u00f3n sobre novedades m\u00e9dicas, as\u00ed como informaci\u00f3n sobre nuestros productos o servicios.<\/p>\n<h3>\u00bfPor qu\u00e9 motivo podemos tratar sus datos? (legitimaci\u00f3n del tratamiento)<\/h3>\n<p>Para prestarle la asistencia sanitaria, porque el tratamiento es necesario para la ejecuci\u00f3n de un contrato en el que usted como interesado es parte (art.6.1.b GDPR) y para diagn\u00f3stico m\u00e9dico, prestaci\u00f3n de asistencia o tratamiento de tipo sanitario, o gesti\u00f3n de los sistemas y servicios de asistencia sanitaria o en virtud de un contrato con un profesional sanitario (art.9.2.h GDPR); llegado el caso por protecci\u00f3n de sus intereses vitales o de otra persona f\u00edsica, en el supuesto de que usted no estuviese capacitado, f\u00edsica o jur\u00eddicamente, para dar su consentimiento (art. 6.1.d y art. 9.2.c GDPR): y para la satisfacci\u00f3n de nuestros intereses leg\u00edtimos, siempre que sobre dichos intereses no prevalezcan sus intereses o sus derechos y libertades fundamentales (art. 6.1.f GDPR)<\/p>\n<p>Para investigaci\u00f3n cient\u00edfica y para el env\u00edo de comunicaciones comerciales, porque previamente hemos obtenido su consentimiento (art. 6.1.a GDPR).<\/p>\n<h3>\u00bfDurante cu\u00e1nto tiempo guardaremos tus datos personales?<\/h3>\n<p>Se conservar\u00e1n durante no m\u00e1s tiempo del necesario para mantener el fin del tratamiento o existan prescripciones legales que dictaminen su custodia y cuando ya no sea necesario para ello, se suprimir\u00e1n con medidas de seguridad adecuadas para garantizar la anonimizaci\u00f3n de los datos o la destrucci\u00f3n total de los mismos.<\/p>\n<ol>\n<li>Para prestarle la asistencia sanitaria, se conservar\u00e1n durante el tiempo adecuado en cada caso, atendiendo a criterios m\u00e9dicos (salvaguarda de la salud del interesado). En cualquiera de los casos y por obligaci\u00f3n legal se conservar\u00e1n debidamente bloqueados como m\u00ednimo cinco a\u00f1os desde la fecha de entrega del resultado, salvo que una normativa espec\u00edfica establezca un plazo de conservaci\u00f3n superior, en cuyo caso se estar\u00e1 a lo dispuesto por dicha normativa. Superado el mencionado periodo m\u00ednimo, y habiendo finalizado la relaci\u00f3n asistencial, y no siendo ya necesarios para tales fines, se suprimir\u00e1n con medidas de seguridad adecuadas para garantizar la anonimizaci\u00f3n o la destrucci\u00f3n de los mismos.<\/li>\n<li>Para la investigaci\u00f3n cient\u00edfica, se conservar\u00e1n mientras las pruebas diagn\u00f3sticas sean de utilidad para su uso en posibles investigaciones en relaci\u00f3n con la enfermedad del interesado o hallazgos cl\u00ednicos obtenidos en dichas pruebas. En cualquier caso se conservaran por un periodo m\u00e1ximo de cinco a\u00f1os desde la finalizaci\u00f3n de la investigaci\u00f3n. Adem\u00e1s, las Autoridades de Control de las Comunidades Aut\u00f3nomas, podr\u00e1n, previa solicitud del responsable del tratamiento y conforme al procedimiento reglamentariamente restablecido, acordar el mantenimiento \u00edntegro de determinados datos, atendidos los valores hist\u00f3ricos, estad\u00edsticos o cient\u00edficos de acuerdo con la legislaci\u00f3n que resulte aplicable a cada caso. Una vez que los datos ya no sean necesarios para tales fines, se suprimir\u00e1n con medidas de seguridad adecuadas para garantizar la anonimizaci\u00f3n o la destrucci\u00f3n total de los mismos.<\/li>\n<li>Para el env\u00edo de comunicaciones comerciales, se conservar\u00e1n durante no m\u00e1s tiempo del necesario para mantener el fin del tratamiento, cuando los datos ya no sean necesarios para tales fines, se suprimir\u00e1n con medidas de seguridad adecuadas para garantizar la anonimizaci\u00f3n o la destrucci\u00f3n total de los mismos<\/li>\n<\/ol>\n<h3>\u00bfA qui\u00e9n facilitamos tus datos personales?<\/h3>\n<p>Sus datos podr\u00e1n ser cedidos a las empresas del grupo Creu Groga, si fuese necesario para el desarrollo y ejecuci\u00f3n de las finalidades del tratamiento, a nuestros proveedores de servicios relacionados con comunicaciones, con los cuales el RESPONSABLE tiene suscritos los contratos de confidencialidad y de encargado de tratamiento exigidos por la normativa vigente de privacidad.<\/p>\n<p><strong>Para fines de asistencia sanitaria, sus datos podr\u00edan ser cedidos a:<\/strong><\/p>\n<ul>\n<li>Otros profesionales sanitarios, cuando sea necesario para preservar, mantener o mejorar la salud del interesado.<\/li>\n<li>Hospitales, entidades aseguradoras o mutuas con el fin de gestionar, verificar y\/o validar la asistencia sanitaria prestada. En el supuesto de que usted tenga concertado un seguro con una entidad situada fuera del Espacio Econ\u00f3mico Europeo (Estados Miembros de la Uni\u00f3n Europea adem\u00e1s de Islandia, Noruega y Liechtenstein, en adelante E.E.E.) cuya legislaci\u00f3n no ofrezca un nivel de protecci\u00f3n de datos equivalente al de la Uni\u00f3n Europea, podr\u00eda resultar necesario realizar una transferencia internacional de datos, previo consentimiento expl\u00edcito del paciente tras haber sido informado de los posibles riesgos. Dichas transferencias, s\u00f3lo se producen para la gesti\u00f3n y verificaci\u00f3n la m\u00e1s \u00e1gil posible con la aseguradora, del pago de los servicios en los casos en los que usted tenga contratada una p\u00f3liza de seguro con una entidad ubicada fuera del E.E.E. Si se opone a esta comunicaci\u00f3n de sus datos, estas entidades podr\u00e1n rehusar el pago de los servicios asistenciales recibidos, correspondi\u00e9ndole a usted el abono de los mismos, al no tener dichas entidades la posibilidad de verificar, comprobar y validar la correcta facturaci\u00f3n por parte de nuestro centro de cada uno de sus procesos asistenciales.<\/li>\n<li>A las personas que, en su caso, tengan su patria potestad o sean responsables de usted, si fuera el caso.<\/li>\n<\/ul>\n<p><strong>Para todas las finalidades se podr\u00edan ceder sus datos a:<\/strong><\/p>\n<ul>\n<li>Proveedores que precisen acceder a sus datos personales para la prestaci\u00f3n de los servicios que nuestra entidad les haya contratado (profesionales o entidades m\u00e9dico-sanitarias, de auditor\u00eda, de seguridad, de almacenamiento o de destrucci\u00f3n de informaci\u00f3n, asesor\u00eda jur\u00eddica, servicios inform\u00e1ticos, etc.) o que por el propio funcionamiento de nuestros servicios electr\u00f3nicos (p\u00e1gina web, correos electr\u00f3nicos, etc.). Con todos ellos hemos suscrito los contratos de confidencialidad y de encargo del tratamiento exigidos por la normativa para proteger su privacidad (art. 28.3 GDPR).<\/li>\n<li>Su m\u00e9dico prescriptor, con el objeto de prestarle una asistencia sanitaria m\u00e1s eficaz<\/li>\n<li>Administraciones p\u00fablicas y otras entidades privadas para el cumplimiento de las obligaciones legales a las que nuestra entidad est\u00e1 sujeta por sus actividades.<\/li>\n<\/ul>\n<h3>Transferencias internacionales de datos:<\/h3>\n<p>En algunos casos para los fines de asistencia sanitaria, los datos pueden ser tratados por otros profesionales sanitarios encargados del tratamiento ubicados:<\/p>\n<p>\u00b7\u00a0\u00a0\u00a0\u00a0\u00a0\u00a0 En pa\u00edses que de conformidad con lo dispuesto en el art\u00edculo 45 del RGPD garantizan un nivel adecuado de protecci\u00f3n de datos al amparo de una decisi\u00f3n de adecuaci\u00f3n tomada por la Comisi\u00f3n de la UE.<\/p>\n<p>\u00b7\u00a0\u00a0\u00a0\u00a0\u00a0\u00a0 En pa\u00edses en los que hemos establecido con nuestro proveedor garant\u00edas adecuadas de conformidad con el art\u00edculo 46 del RGPD, en este caso a trav\u00e9s de cl\u00e1usulas contractuales como las de protecci\u00f3n de datos adoptadas por la Comisi\u00f3n, que hemos complementado, siguiendo las Recomendaciones 01\/2020 del Comit\u00e9 Europeo de Protecci\u00f3n de Datos (EDPB), con medidas de seguridad adicionales t\u00e9cnicas, organizativas y contractuales para garantizar el cumplimiento del nivel de protecci\u00f3n de datos de la UE.<\/p>\n<h3>\u00bfC\u00f3mo obtenemos sus datos? (fuentes de procedencia)<\/h3>\n<p>Los hemos obtenido de usted mismo, de profesionales m\u00e9dicos o sanitarios, o centros de salud p\u00fablicos o privados vinculados contractualmente con usted.<\/p>\n<h3>\u00bfQue tipo de datos tratamos? (categor\u00edas de datos)<\/h3>\n<p>\u00b7\u00a0\u00a0\u00a0\u00a0\u00a0\u00a0 Tratamos sus datos identificativos y datos relativos a su salud.<\/p>\n<h3>\u00bfElaboraremos perfiles sobre usted?<\/h3>\n<p>Nuestra pol\u00edtica es no elaborar perfiles sobre los usuarios de nuestros servicios.<\/p>\n<p>Sin embargo, pueden existir situaciones en las cuales, con fines de prestaci\u00f3n del servicio, comerciales o de otro tipo, necesitamos elaborar perfiles de informaci\u00f3n sobre usted. Un ejemplo pudiera ser la utilizaci\u00f3n de su historial de compras o servicios para poder ofrecerle productos o servicios adaptados a sus gustos o necesidades.<\/p>\n<p>En tal caso, aplicaremos medidas de seguridad eficaces que protejan su informaci\u00f3n a todo momento de personas no autorizadas que pretendan utilizarla en su propio beneficio.<\/p>\n<p><strong>\u00bfPuede retirar su consentimiento si cambia de opini\u00f3n en un momento posterior?<\/strong><\/p>\n<p>Usted puede retirar su consentimiento si cambia de opini\u00f3n sobre el uso de sus datos a cualquier momento.<\/p>\n<p>As\u00ed, por ejemplo, si usted en su momento estuvo interesado\/a al recibir publicidad de nuestros productos o servicios, pero ya no desea recibir m\u00e1s publicidad, puede hac\u00e9rnoslo constar a trav\u00e9s del formulario de oposici\u00f3n al tratamiento disponible en las oficinas de nuestra entidad.<\/p>\n<h3>\u00bfCu\u00e1les son tus derechos?<\/h3>\n<p>Los derechos que asisten al USUARIO son:<\/p>\n<p>Derecho a retirar el consentimiento en cualquier momento.<\/p>\n<p>Derecho de acceso, rectificaci\u00f3n, portabilidad y supresi\u00f3n de sus datos, y de limitaci\u00f3n u oposici\u00f3n a su tratamiento.<\/p>\n<ul>\n<li>Derecho a presentar una reclamaci\u00f3n ante la autoridad de control (www.aepd.es) si considera que el tratamiento no se ajusta a la normativa vigente.<\/li>\n<\/ul>\n<h3>Datos de contacto para ejercer sus derechos:<\/h3>\n<p>Creu Groga SL. C\/ Sant Jaume, 20-30 &#8211; 08370 CALELLA (Barcelona). <strong>Datos de contacto del delegado de protecci\u00f3n de datos: <\/strong><a href=\"mailto:dpd.grupcg@setemcat.com\"><strong>dpd.grupcg@setemcat.com<\/strong><\/a><\/p>\n<p><strong>Car\u00e1cter obligatorio o facultativo de la informaci\u00f3n facilitada por el usuario<\/strong><\/p>\n<p>Los USUARIOS, mediante la marcaci\u00f3n de las casillas correspondientes y la entrada de datos en los campos, marcados con un asterisco (*) en el formulario de contacto o presentados en formularios de descarga, aceptan expresamente y de forma libre e inequ\u00edvoca, que sus datos son necesarios para atender su petici\u00f3n, por parte del prestador, siendo voluntaria la inclusi\u00f3n de datos en los campos restantes. El USUARIO garantiza que los datos personales facilitados al RESPONSABLE son veraces y se hace responsable de comunicar cualquier modificaci\u00f3n de los mismos.<\/p>\n<p>El RESPONSABLE informa de que todos los datos solicitados a trav\u00e9s del sitio web son obligatorios, ya que son necesarios para la prestaci\u00f3n de un servicio \u00f3ptimo al USUARIO. En caso de que no se faciliten todos los datos, no se garantiza que la informaci\u00f3n y servicios facilitados sean completamente ajustados a sus necesidades.<\/p>\n<p><strong>\u00a0Medidas de seguridad<\/strong><\/p>\n<p>Que de conformidad con lo dispuesto en las normativas vigentes en protecci\u00f3n de datos personales, el RESPONSABLE est\u00e1 cumpliendo con todas las disposiciones de las normativas GDPR y LOPDGDD para el tratamiento de los datos personales de su responsabilidad, y manifiestamente con los principios descritos en el art\u00edculo 5 del GDPR, por los cuales son tratados de manera l\u00edcita, leal y transparente en relaci\u00f3n con el interesado y adecuados, pertinentes y limitados a lo necesario en relaci\u00f3n con los fines para los que son tratados.<\/p>\n<p>El RESPONSABLE garantiza que ha implementado pol\u00edticas t\u00e9cnicas y organizativas apropiadas para aplicar las medidas de seguridad que establecen el GDPR y la LOPDGDD con el fin de proteger los derechos y libertades de los USUARIOS y les ha comunicado la informaci\u00f3n adecuada para que puedan ejercerlos.<\/p>\n<p>Para m\u00e1s informaci\u00f3n sobre las garant\u00edas de privacidad, puedes dirigirte al RESPONSABLE a trav\u00e9s de Creu Groga SL. C\/ Sant Jaume, 20-30 &#8211; 08370 CALELLA (Barcelona). E-mail: <a href=\"mailto:dpd.grupcg@setemcat.com\">dpd.grupcg@setemcat.com<\/a><\/p>\n<\/div><\/section><\/div>\n","protected":false},"excerpt":{"rendered":"","protected":false},"author":2,"featured_media":0,"parent":0,"menu_order":0,"comment_status":"closed","ping_status":"closed","template":"","meta":{"footnotes":""},"class_list":["post-1304","page","type-page","status-publish","hentry"],"yoast_head":"<!-- This site is optimized with the Yoast SEO plugin v27.5 - https:\/\/yoast.com\/product\/yoast-seo-wordpress\/ -->\n<title>Pol\u00edtica de privacidad - Institut Estetica Creu Groga<\/title>\n<meta name=\"robots\" content=\"index, follow, max-snippet:-1, max-image-preview:large, max-video-preview:-1\" \/>\n<link rel=\"canonical\" href=\"https:\/\/institutesteticacreugroga.com\/es\/politica-de-privacidad\/\" \/>\n<meta property=\"og:locale\" content=\"es_ES\" \/>\n<meta property=\"og:type\" content=\"article\" \/>\n<meta property=\"og:title\" content=\"Pol\u00edtica de privacidad - Institut Estetica Creu Groga\" \/>\n<meta property=\"og:url\" content=\"https:\/\/institutesteticacreugroga.com\/es\/politica-de-privacidad\/\" \/>\n<meta property=\"og:site_name\" content=\"Institut Estetica Creu Groga\" \/>\n<meta property=\"article:modified_time\" content=\"2024-05-31T07:22:59+00:00\" \/>\n<meta name=\"twitter:card\" content=\"summary_large_image\" \/>\n<meta name=\"twitter:label1\" content=\"Tiempo de lectura\" \/>\n\t<meta name=\"twitter:data1\" content=\"6 minutos\" \/>\n<script type=\"application\/ld+json\" class=\"yoast-schema-graph\">{\"@context\":\"https:\\\/\\\/schema.org\",\"@graph\":[{\"@type\":\"WebPage\",\"@id\":\"https:\\\/\\\/institutesteticacreugroga.com\\\/es\\\/politica-de-privacidad\\\/\",\"url\":\"https:\\\/\\\/institutesteticacreugroga.com\\\/es\\\/politica-de-privacidad\\\/\",\"name\":\"Pol\u00edtica de privacidad - Institut Estetica Creu Groga\",\"isPartOf\":{\"@id\":\"https:\\\/\\\/institutesteticacreugroga.com\\\/es\\\/#website\"},\"datePublished\":\"2021-11-11T08:13:18+00:00\",\"dateModified\":\"2024-05-31T07:22:59+00:00\",\"breadcrumb\":{\"@id\":\"https:\\\/\\\/institutesteticacreugroga.com\\\/es\\\/politica-de-privacidad\\\/#breadcrumb\"},\"inLanguage\":\"es\",\"potentialAction\":[{\"@type\":\"ReadAction\",\"target\":[\"https:\\\/\\\/institutesteticacreugroga.com\\\/es\\\/politica-de-privacidad\\\/\"]}]},{\"@type\":\"BreadcrumbList\",\"@id\":\"https:\\\/\\\/institutesteticacreugroga.com\\\/es\\\/politica-de-privacidad\\\/#breadcrumb\",\"itemListElement\":[{\"@type\":\"ListItem\",\"position\":1,\"name\":\"Portada\",\"item\":\"https:\\\/\\\/institutesteticacreugroga.com\\\/es\\\/inicio\\\/\"},{\"@type\":\"ListItem\",\"position\":2,\"name\":\"Pol\u00edtica de privacidad\"}]},{\"@type\":\"WebSite\",\"@id\":\"https:\\\/\\\/institutesteticacreugroga.com\\\/es\\\/#website\",\"url\":\"https:\\\/\\\/institutesteticacreugroga.com\\\/es\\\/\",\"name\":\"Institut Estetica Creu Groga\",\"description\":\"Just another WordPress site\",\"potentialAction\":[{\"@type\":\"SearchAction\",\"target\":{\"@type\":\"EntryPoint\",\"urlTemplate\":\"https:\\\/\\\/institutesteticacreugroga.com\\\/es\\\/?s={search_term_string}\"},\"query-input\":{\"@type\":\"PropertyValueSpecification\",\"valueRequired\":true,\"valueName\":\"search_term_string\"}}],\"inLanguage\":\"es\"}]}<\/script>\n<!-- \/ Yoast SEO plugin. -->","yoast_head_json":{"title":"Pol\u00edtica de privacidad - Institut Estetica Creu Groga","robots":{"index":"index","follow":"follow","max-snippet":"max-snippet:-1","max-image-preview":"max-image-preview:large","max-video-preview":"max-video-preview:-1"},"canonical":"https:\/\/institutesteticacreugroga.com\/es\/politica-de-privacidad\/","og_locale":"es_ES","og_type":"article","og_title":"Pol\u00edtica de privacidad - Institut Estetica Creu Groga","og_url":"https:\/\/institutesteticacreugroga.com\/es\/politica-de-privacidad\/","og_site_name":"Institut Estetica Creu Groga","article_modified_time":"2024-05-31T07:22:59+00:00","twitter_card":"summary_large_image","twitter_misc":{"Tiempo de lectura":"6 minutos"},"schema":{"@context":"https:\/\/schema.org","@graph":[{"@type":"WebPage","@id":"https:\/\/institutesteticacreugroga.com\/es\/politica-de-privacidad\/","url":"https:\/\/institutesteticacreugroga.com\/es\/politica-de-privacidad\/","name":"Pol\u00edtica de privacidad - Institut Estetica Creu Groga","isPartOf":{"@id":"https:\/\/institutesteticacreugroga.com\/es\/#website"},"datePublished":"2021-11-11T08:13:18+00:00","dateModified":"2024-05-31T07:22:59+00:00","breadcrumb":{"@id":"https:\/\/institutesteticacreugroga.com\/es\/politica-de-privacidad\/#breadcrumb"},"inLanguage":"es","potentialAction":[{"@type":"ReadAction","target":["https:\/\/institutesteticacreugroga.com\/es\/politica-de-privacidad\/"]}]},{"@type":"BreadcrumbList","@id":"https:\/\/institutesteticacreugroga.com\/es\/politica-de-privacidad\/#breadcrumb","itemListElement":[{"@type":"ListItem","position":1,"name":"Portada","item":"https:\/\/institutesteticacreugroga.com\/es\/inicio\/"},{"@type":"ListItem","position":2,"name":"Pol\u00edtica de privacidad"}]},{"@type":"WebSite","@id":"https:\/\/institutesteticacreugroga.com\/es\/#website","url":"https:\/\/institutesteticacreugroga.com\/es\/","name":"Institut Estetica Creu Groga","description":"Just another WordPress site","potentialAction":[{"@type":"SearchAction","target":{"@type":"EntryPoint","urlTemplate":"https:\/\/institutesteticacreugroga.com\/es\/?s={search_term_string}"},"query-input":{"@type":"PropertyValueSpecification","valueRequired":true,"valueName":"search_term_string"}}],"inLanguage":"es"}]}},"_links":{"self":[{"href":"https:\/\/institutesteticacreugroga.com\/es\/wp-json\/wp\/v2\/pages\/1304","targetHints":{"allow":["GET"]}}],"collection":[{"href":"https:\/\/institutesteticacreugroga.com\/es\/wp-json\/wp\/v2\/pages"}],"about":[{"href":"https:\/\/institutesteticacreugroga.com\/es\/wp-json\/wp\/v2\/types\/page"}],"author":[{"embeddable":true,"href":"https:\/\/institutesteticacreugroga.com\/es\/wp-json\/wp\/v2\/users\/2"}],"replies":[{"embeddable":true,"href":"https:\/\/institutesteticacreugroga.com\/es\/wp-json\/wp\/v2\/comments?post=1304"}],"version-history":[{"count":0,"href":"https:\/\/institutesteticacreugroga.com\/es\/wp-json\/wp\/v2\/pages\/1304\/revisions"}],"wp:attachment":[{"href":"https:\/\/institutesteticacreugroga.com\/es\/wp-json\/wp\/v2\/media?parent=1304"}],"curies":[{"name":"wp","href":"https:\/\/api.w.org\/{rel}","templated":true}]}}