{"id":1312,"date":"2021-11-09T12:59:02","date_gmt":"2021-11-09T12:59:02","guid":{"rendered":"https:\/\/institutesteticacreugroga.com\/institut-de-medicina-estetica-avancada-creu-groga\/"},"modified":"2022-01-17T09:48:34","modified_gmt":"2022-01-17T09:48:34","slug":"instituto-de-medicina-estetica-avanzada-creu-groga","status":"publish","type":"page","link":"https:\/\/institutesteticacreugroga.com\/es\/sobre-nosotros\/instituto-de-medicina-estetica-avanzada-creu-groga\/","title":{"rendered":"Instituto de Medicina Est\u00e9tica Avanzada Creu Groga"},"content":{"rendered":"<div id='full_slider_1'  class='avia-fullwidth-slider main_color avia-shadow av-small-hide av-mini-hide  avia-builder-el-0  el_before_av_slideshow_full  avia-builder-el-first   container_wrap fullsize'  ><div  class='avia-slideshow av-kw1wh0lj-17d5fbb45fc6b5138212e56b0cf927cd avia-slideshow-featured av_slideshow_full avia-slide-slider av-small-hide av-mini-hide av-slideshow-ui av-control-default av-slideshow-manual av-loop-once av-loop-manual-endless av-default-height-applied   avia-slideshow-1' data-slideshow-options=\"{&quot;animation&quot;:&quot;slide&quot;,&quot;autoplay&quot;:false,&quot;loop_autoplay&quot;:&quot;once&quot;,&quot;interval&quot;:5,&quot;loop_manual&quot;:&quot;manual-endless&quot;,&quot;autoplay_stopper&quot;:false,&quot;noNavigation&quot;:false,&quot;bg_slider&quot;:false,&quot;keep_padding&quot;:false,&quot;hoverpause&quot;:false,&quot;show_slide_delay&quot;:0}\"  itemprop=\"image\" itemscope=\"itemscope\" itemtype=\"https:\/\/schema.org\/ImageObject\" ><ul class='avia-slideshow-inner ' style='padding-bottom: 28.666666666667%;'><li  class='avia-slideshow-slide av-kw1wh0lj-17d5fbb45fc6b5138212e56b0cf927cd__0  av-single-slide slide-1 slide-odd'><div data-rel='slideshow-1' class='avia-slide-wrap '   ><img decoding=\"async\" fetchpriority=\"high\" class=\"wp-image-607 avia-img-lazy-loading-not-607\"  src=\"https:\/\/institutesteticacreugroga.com\/wp-content\/uploads\/2021\/11\/Slider-QuiSom-2-InstitutEsteticCG-1500x430.png\" width=\"1500\" height=\"430\" title='Slider-QuiSom-2-InstitutEsteticCG' alt=''  itemprop=\"thumbnailUrl\" srcset=\"https:\/\/institutesteticacreugroga.com\/wp-content\/uploads\/2021\/11\/Slider-QuiSom-2-InstitutEsteticCG.png 1500w, https:\/\/institutesteticacreugroga.com\/wp-content\/uploads\/2021\/11\/Slider-QuiSom-2-InstitutEsteticCG-300x86.png 300w, https:\/\/institutesteticacreugroga.com\/wp-content\/uploads\/2021\/11\/Slider-QuiSom-2-InstitutEsteticCG-1030x295.png 1030w, https:\/\/institutesteticacreugroga.com\/wp-content\/uploads\/2021\/11\/Slider-QuiSom-2-InstitutEsteticCG-768x220.png 768w, https:\/\/institutesteticacreugroga.com\/wp-content\/uploads\/2021\/11\/Slider-QuiSom-2-InstitutEsteticCG-705x202.png 705w\" sizes=\"(max-width: 1500px) 100vw, 1500px\" \/><\/div><\/li><\/ul><\/div><\/div>\n<div id='full_slider_2'  class='avia-fullwidth-slider main_color avia-shadow av-desktop-hide av-medium-hide  avia-builder-el-1  el_after_av_slideshow_full  el_before_av_section   slider-not-first container_wrap fullsize'  ><div  class='avia-slideshow av-kw63a5v1-cb2663d8b49c42cb5825683105d196e6 avia-slideshow-no scaling av_slideshow_full avia-slide-slider av-desktop-hide av-medium-hide av-slideshow-ui av-control-default av-slideshow-manual av-loop-once av-loop-manual-endless av-default-height-applied   avia-slideshow-2' data-slideshow-options=\"{&quot;animation&quot;:&quot;slide&quot;,&quot;autoplay&quot;:false,&quot;loop_autoplay&quot;:&quot;once&quot;,&quot;interval&quot;:5,&quot;loop_manual&quot;:&quot;manual-endless&quot;,&quot;autoplay_stopper&quot;:false,&quot;noNavigation&quot;:false,&quot;bg_slider&quot;:false,&quot;keep_padding&quot;:false,&quot;hoverpause&quot;:false,&quot;show_slide_delay&quot;:0}\"  itemprop=\"image\" itemscope=\"itemscope\" itemtype=\"https:\/\/schema.org\/ImageObject\" ><ul class='avia-slideshow-inner ' style='padding-bottom: 83.333333333333%;'><li  class='avia-slideshow-slide av-kw63a5v1-cb2663d8b49c42cb5825683105d196e6__0  av-single-slide slide-1 slide-odd'><div data-rel='slideshow-2' class='avia-slide-wrap '   ><img decoding=\"async\" fetchpriority=\"high\" class=\"wp-image-816 avia-img-lazy-loading-not-816\"  src=\"https:\/\/institutesteticacreugroga.com\/wp-content\/uploads\/2021\/11\/Slider-QuiSom-mvl-IntitutEsteticaCG.png\" width=\"600\" height=\"500\" title='Slider-QuiSom-mvl-IntitutEst\u00e8ticaCG' alt=''  itemprop=\"thumbnailUrl\" srcset=\"https:\/\/institutesteticacreugroga.com\/wp-content\/uploads\/2021\/11\/Slider-QuiSom-mvl-IntitutEsteticaCG.png 600w, https:\/\/institutesteticacreugroga.com\/wp-content\/uploads\/2021\/11\/Slider-QuiSom-mvl-IntitutEsteticaCG-300x250.png 300w, https:\/\/institutesteticacreugroga.com\/wp-content\/uploads\/2021\/11\/Slider-QuiSom-mvl-IntitutEsteticaCG-216x180.png 216w\" sizes=\"(max-width: 600px) 100vw, 600px\" \/><\/div><\/li><\/ul><\/div><\/div>\n<div id='av_section_1'  class='avia-section av-1hq2b-26c751ef334eb46454f1d6e7ff1ffbfb main_color avia-section-default avia-no-border-styling  avia-builder-el-2  el_after_av_slideshow_full  avia-builder-el-last  avia-bg-style-scroll container_wrap fullsize'  ><div class='container av-section-cont-open' ><div class='template-page content  av-content-full alpha units'><div class='post-entry post-entry-type-page post-entry-1312'><div class='entry-content-wrapper clearfix'>\n<div  class='flex_column av-w2if-3c69359f0ae6dbc6c6ecd42de8fb9e2d av_one_full  avia-builder-el-3  avia-builder-el-no-sibling  first flex_column_div  '     ><style type=\"text\/css\" data-created_by=\"avia_inline_auto\" id=\"style-css-av-kw1weto1-81a0c715e15f2971a72b0cffcb0cc9f3\">\n#top .av_textblock_section.av-kw1weto1-81a0c715e15f2971a72b0cffcb0cc9f3 .avia_textblock{\ncolor:#e8d17c;\n}\n<\/style>\n<section  class='av_textblock_section av-kw1weto1-81a0c715e15f2971a72b0cffcb0cc9f3 '   itemscope=\"itemscope\" itemtype=\"https:\/\/schema.org\/CreativeWork\" ><div class='avia_textblock av_inherit_color'  itemprop=\"text\" ><h1 style=\"text-align: center; font-weight: 500;\">Instituto de Medicina Est\u00e9tica Avanzada Creu Groga<\/h1>\n<\/div><\/section><br \/>\n\n<style type=\"text\/css\" data-created_by=\"avia_inline_auto\" id=\"style-css-av-kw1wfg2j-1cac1d20e8190dc7fbd1cc13b51adfb9\">\n#top .hr.av-kw1wfg2j-1cac1d20e8190dc7fbd1cc13b51adfb9{\nmargin-top:0px;\nmargin-bottom:30px;\n}\n.hr.av-kw1wfg2j-1cac1d20e8190dc7fbd1cc13b51adfb9 .hr-inner{\nwidth:50px;\nborder-color:#e8d07c;\nmax-width:45%;\n}\n.hr.av-kw1wfg2j-1cac1d20e8190dc7fbd1cc13b51adfb9 .av-seperator-icon{\ncolor:#e8d07c;\n}\n.hr.av-kw1wfg2j-1cac1d20e8190dc7fbd1cc13b51adfb9 .av-seperator-icon.avia-svg-icon svg:first-child{\nfill:#e8d07c;\nstroke:#e8d07c;\n}\n<\/style>\n<div  class='hr av-kw1wfg2j-1cac1d20e8190dc7fbd1cc13b51adfb9 hr-custom  avia-builder-el-5  el_after_av_textblock  el_before_av_textblock  hr-center hr-icon-yes'><span class='hr-inner inner-border-av-border-thin'><span class=\"hr-inner-style\"><\/span><\/span><span class='av-seperator-icon avia-iconfont avia-font-entypo-fontello' data-av_icon='\ue8be' data-av_iconfont='entypo-fontello' ><\/span><span class='hr-inner inner-border-av-border-thin'><span class=\"hr-inner-style\"><\/span><\/span><\/div><br \/>\n<section  class='av_textblock_section av-kw1wg6sf-9a7d8d6143f36de0d2e915822d1bd144 '   itemscope=\"itemscope\" itemtype=\"https:\/\/schema.org\/CreativeWork\" ><div class='avia_textblock'  itemprop=\"text\" ><p>Ponemos en marcha el <strong>Instituto de Medicina Est\u00e9tica Avanzada Creu Groga<\/strong> con el af\u00e1n de mejorar la calidad de vida de los nostr@s pacientes. Una apuesta segura de Belleza, Bienestar, Salud y Confianza que nos avala a trav\u00e9s del Grupo Creu Groga con m\u00e1s de 35 a\u00f1os de experiencia en el sector de la salud. Somos un centro m\u00e9dico de referencia.<\/p>\n<p>Poniendo en marcha este el proyecto, hemos querido dar un paso m\u00e1s en el sector; <strong>una apuesta pionera y apasionante con las garant\u00edas de un centro de confianza y calidad.<\/strong> Somos especialistas en Dermatolog\u00eda y Cirug\u00eda Est\u00e9tica y contamos con un equipo m\u00e9dico con muchos a\u00f1os de experiencia que lo avala.<\/p>\n<p><strong>Ofrecemos los mejores tratamientos a trav\u00e9s de t\u00e9cnicas avanzadas y con un cuadro m\u00e9dico de primer nivel. En el caso de ser invasivos, disponemos de quir\u00f3fanos propios en el Hospital Cl\u00ednic Maresme ofreciendo al paciente las mejores garant\u00edas de \u00e9xito.<\/strong><\/p>\n<\/div><\/section><\/p><\/div>\n","protected":false},"excerpt":{"rendered":"","protected":false},"author":2,"featured_media":0,"parent":1324,"menu_order":0,"comment_status":"closed","ping_status":"closed","template":"","meta":{"footnotes":""},"class_list":["post-1312","page","type-page","status-publish","hentry"],"yoast_head":"<!-- This site is optimized with the Yoast SEO plugin v27.5 - https:\/\/yoast.com\/product\/yoast-seo-wordpress\/ -->\n<title>Instituto de Medicina Est\u00e9tica Avanzada Creu Groga - Institut Estetica Creu Groga<\/title>\n<meta name=\"robots\" content=\"index, follow, max-snippet:-1, max-image-preview:large, max-video-preview:-1\" \/>\n<link rel=\"canonical\" href=\"https:\/\/institutesteticacreugroga.com\/es\/sobre-nosotros\/instituto-de-medicina-estetica-avanzada-creu-groga\/\" \/>\n<meta property=\"og:locale\" content=\"es_ES\" \/>\n<meta property=\"og:type\" content=\"article\" \/>\n<meta property=\"og:title\" content=\"Instituto de Medicina Est\u00e9tica Avanzada Creu Groga - Institut Estetica Creu Groga\" \/>\n<meta property=\"og:url\" content=\"https:\/\/institutesteticacreugroga.com\/es\/sobre-nosotros\/instituto-de-medicina-estetica-avanzada-creu-groga\/\" \/>\n<meta property=\"og:site_name\" content=\"Institut Estetica Creu Groga\" \/>\n<meta property=\"article:modified_time\" content=\"2022-01-17T09:48:34+00:00\" \/>\n<meta name=\"twitter:card\" content=\"summary_large_image\" \/>\n<meta name=\"twitter:label1\" content=\"Tiempo de lectura\" \/>\n\t<meta name=\"twitter:data1\" content=\"3 minutos\" \/>\n<script type=\"application\/ld+json\" class=\"yoast-schema-graph\">{\"@context\":\"https:\\\/\\\/schema.org\",\"@graph\":[{\"@type\":\"WebPage\",\"@id\":\"https:\\\/\\\/institutesteticacreugroga.com\\\/es\\\/sobre-nosotros\\\/instituto-de-medicina-estetica-avanzada-creu-groga\\\/\",\"url\":\"https:\\\/\\\/institutesteticacreugroga.com\\\/es\\\/sobre-nosotros\\\/instituto-de-medicina-estetica-avanzada-creu-groga\\\/\",\"name\":\"Instituto de Medicina Est\u00e9tica Avanzada Creu Groga - Institut Estetica Creu Groga\",\"isPartOf\":{\"@id\":\"https:\\\/\\\/institutesteticacreugroga.com\\\/es\\\/#website\"},\"datePublished\":\"2021-11-09T12:59:02+00:00\",\"dateModified\":\"2022-01-17T09:48:34+00:00\",\"breadcrumb\":{\"@id\":\"https:\\\/\\\/institutesteticacreugroga.com\\\/es\\\/sobre-nosotros\\\/instituto-de-medicina-estetica-avanzada-creu-groga\\\/#breadcrumb\"},\"inLanguage\":\"es\",\"potentialAction\":[{\"@type\":\"ReadAction\",\"target\":[\"https:\\\/\\\/institutesteticacreugroga.com\\\/es\\\/sobre-nosotros\\\/instituto-de-medicina-estetica-avanzada-creu-groga\\\/\"]}]},{\"@type\":\"BreadcrumbList\",\"@id\":\"https:\\\/\\\/institutesteticacreugroga.com\\\/es\\\/sobre-nosotros\\\/instituto-de-medicina-estetica-avanzada-creu-groga\\\/#breadcrumb\",\"itemListElement\":[{\"@type\":\"ListItem\",\"position\":1,\"name\":\"Portada\",\"item\":\"https:\\\/\\\/institutesteticacreugroga.com\\\/es\\\/inicio\\\/\"},{\"@type\":\"ListItem\",\"position\":2,\"name\":\"Sobre Nosotros\",\"item\":\"https:\\\/\\\/institutesteticacreugroga.com\\\/es\\\/sobre-nosotros\\\/\"},{\"@type\":\"ListItem\",\"position\":3,\"name\":\"Instituto de Medicina Est\u00e9tica Avanzada Creu Groga\"}]},{\"@type\":\"WebSite\",\"@id\":\"https:\\\/\\\/institutesteticacreugroga.com\\\/es\\\/#website\",\"url\":\"https:\\\/\\\/institutesteticacreugroga.com\\\/es\\\/\",\"name\":\"Institut Estetica Creu Groga\",\"description\":\"Just another WordPress site\",\"potentialAction\":[{\"@type\":\"SearchAction\",\"target\":{\"@type\":\"EntryPoint\",\"urlTemplate\":\"https:\\\/\\\/institutesteticacreugroga.com\\\/es\\\/?s={search_term_string}\"},\"query-input\":{\"@type\":\"PropertyValueSpecification\",\"valueRequired\":true,\"valueName\":\"search_term_string\"}}],\"inLanguage\":\"es\"}]}<\/script>\n<!-- \/ Yoast SEO plugin. -->","yoast_head_json":{"title":"Instituto de Medicina Est\u00e9tica Avanzada Creu Groga - Institut Estetica Creu Groga","robots":{"index":"index","follow":"follow","max-snippet":"max-snippet:-1","max-image-preview":"max-image-preview:large","max-video-preview":"max-video-preview:-1"},"canonical":"https:\/\/institutesteticacreugroga.com\/es\/sobre-nosotros\/instituto-de-medicina-estetica-avanzada-creu-groga\/","og_locale":"es_ES","og_type":"article","og_title":"Instituto de Medicina Est\u00e9tica Avanzada Creu Groga - Institut Estetica Creu Groga","og_url":"https:\/\/institutesteticacreugroga.com\/es\/sobre-nosotros\/instituto-de-medicina-estetica-avanzada-creu-groga\/","og_site_name":"Institut Estetica Creu Groga","article_modified_time":"2022-01-17T09:48:34+00:00","twitter_card":"summary_large_image","twitter_misc":{"Tiempo de lectura":"3 minutos"},"schema":{"@context":"https:\/\/schema.org","@graph":[{"@type":"WebPage","@id":"https:\/\/institutesteticacreugroga.com\/es\/sobre-nosotros\/instituto-de-medicina-estetica-avanzada-creu-groga\/","url":"https:\/\/institutesteticacreugroga.com\/es\/sobre-nosotros\/instituto-de-medicina-estetica-avanzada-creu-groga\/","name":"Instituto de Medicina Est\u00e9tica Avanzada Creu Groga - Institut Estetica Creu Groga","isPartOf":{"@id":"https:\/\/institutesteticacreugroga.com\/es\/#website"},"datePublished":"2021-11-09T12:59:02+00:00","dateModified":"2022-01-17T09:48:34+00:00","breadcrumb":{"@id":"https:\/\/institutesteticacreugroga.com\/es\/sobre-nosotros\/instituto-de-medicina-estetica-avanzada-creu-groga\/#breadcrumb"},"inLanguage":"es","potentialAction":[{"@type":"ReadAction","target":["https:\/\/institutesteticacreugroga.com\/es\/sobre-nosotros\/instituto-de-medicina-estetica-avanzada-creu-groga\/"]}]},{"@type":"BreadcrumbList","@id":"https:\/\/institutesteticacreugroga.com\/es\/sobre-nosotros\/instituto-de-medicina-estetica-avanzada-creu-groga\/#breadcrumb","itemListElement":[{"@type":"ListItem","position":1,"name":"Portada","item":"https:\/\/institutesteticacreugroga.com\/es\/inicio\/"},{"@type":"ListItem","position":2,"name":"Sobre Nosotros","item":"https:\/\/institutesteticacreugroga.com\/es\/sobre-nosotros\/"},{"@type":"ListItem","position":3,"name":"Instituto de Medicina Est\u00e9tica Avanzada Creu Groga"}]},{"@type":"WebSite","@id":"https:\/\/institutesteticacreugroga.com\/es\/#website","url":"https:\/\/institutesteticacreugroga.com\/es\/","name":"Institut Estetica Creu Groga","description":"Just another WordPress site","potentialAction":[{"@type":"SearchAction","target":{"@type":"EntryPoint","urlTemplate":"https:\/\/institutesteticacreugroga.com\/es\/?s={search_term_string}"},"query-input":{"@type":"PropertyValueSpecification","valueRequired":true,"valueName":"search_term_string"}}],"inLanguage":"es"}]}},"_links":{"self":[{"href":"https:\/\/institutesteticacreugroga.com\/es\/wp-json\/wp\/v2\/pages\/1312","targetHints":{"allow":["GET"]}}],"collection":[{"href":"https:\/\/institutesteticacreugroga.com\/es\/wp-json\/wp\/v2\/pages"}],"about":[{"href":"https:\/\/institutesteticacreugroga.com\/es\/wp-json\/wp\/v2\/types\/page"}],"author":[{"embeddable":true,"href":"https:\/\/institutesteticacreugroga.com\/es\/wp-json\/wp\/v2\/users\/2"}],"replies":[{"embeddable":true,"href":"https:\/\/institutesteticacreugroga.com\/es\/wp-json\/wp\/v2\/comments?post=1312"}],"version-history":[{"count":0,"href":"https:\/\/institutesteticacreugroga.com\/es\/wp-json\/wp\/v2\/pages\/1312\/revisions"}],"up":[{"embeddable":true,"href":"https:\/\/institutesteticacreugroga.com\/es\/wp-json\/wp\/v2\/pages\/1324"}],"wp:attachment":[{"href":"https:\/\/institutesteticacreugroga.com\/es\/wp-json\/wp\/v2\/media?parent=1312"}],"curies":[{"name":"wp","href":"https:\/\/api.w.org\/{rel}","templated":true}]}}