{"id":1315,"date":"2021-11-09T12:56:42","date_gmt":"2021-11-09T12:56:42","guid":{"rendered":"https:\/\/institutesteticacreugroga.com\/cosmetica-medica\/"},"modified":"2022-01-17T11:47:19","modified_gmt":"2022-01-17T11:47:19","slug":"cosmetica-medica","status":"publish","type":"page","link":"https:\/\/institutesteticacreugroga.com\/es\/cosmetica-medica\/","title":{"rendered":"Cosm\u00e9tica M\u00e9dica"},"content":{"rendered":"<div id='av_section_1'  class='avia-section av-1a0fm-0821811bef8e58fa775a429a929b6da2 main_color avia-section-default avia-no-border-styling  avia-builder-el-0  avia-builder-el-no-sibling  avia-bg-style-scroll container_wrap fullsize'  ><div class='container av-section-cont-open' ><main  role=\"main\" itemprop=\"mainContentOfPage\"  class='template-page content  av-content-full alpha units'><div class='post-entry post-entry-type-page post-entry-1315'><div class='entry-content-wrapper clearfix'>\n<div  class='flex_column av-12gfy-42b13d27624c6576c91bbbaa2c772068 av_one_full  avia-builder-el-1  el_before_av_one_third  avia-builder-el-first  first flex_column_div  '     ><style type=\"text\/css\" data-created_by=\"avia_inline_auto\" id=\"style-css-av-ky8q7m5a-008cf546bcbee2e42e8ec6bee4b841b2\">\n#top .av_textblock_section.av-ky8q7m5a-008cf546bcbee2e42e8ec6bee4b841b2 .avia_textblock{\ncolor:#e8d17c;\n}\n<\/style>\n<section  class='av_textblock_section av-ky8q7m5a-008cf546bcbee2e42e8ec6bee4b841b2 '   itemscope=\"itemscope\" itemtype=\"https:\/\/schema.org\/CreativeWork\" ><div class='avia_textblock av_inherit_color'  itemprop=\"text\" ><h1 style=\"text-align: center; font-weight: 500;\">COSM\u00c9TICA M\u00c9DICA<\/h1>\n<\/div><\/section><br \/>\n\n<style type=\"text\/css\" data-created_by=\"avia_inline_auto\" id=\"style-css-av-ky8qk8m6-2a3800794444c368fd64cad564a23f31\">\n#top .hr.av-ky8qk8m6-2a3800794444c368fd64cad564a23f31{\nmargin-top:0px;\nmargin-bottom:30px;\n}\n.hr.av-ky8qk8m6-2a3800794444c368fd64cad564a23f31 .hr-inner{\nwidth:50px;\nborder-color:#e8d07c;\nmax-width:45%;\n}\n.hr.av-ky8qk8m6-2a3800794444c368fd64cad564a23f31 .av-seperator-icon{\ncolor:#e8d07c;\n}\n.hr.av-ky8qk8m6-2a3800794444c368fd64cad564a23f31 .av-seperator-icon.avia-svg-icon svg:first-child{\nfill:#e8d07c;\nstroke:#e8d07c;\n}\n<\/style>\n<div  class='hr av-ky8qk8m6-2a3800794444c368fd64cad564a23f31 hr-custom  avia-builder-el-3  el_after_av_textblock  el_before_av_textblock  hr-center hr-icon-yes'><span class='hr-inner inner-border-av-border-thin'><span class=\"hr-inner-style\"><\/span><\/span><span class='av-seperator-icon avia-iconfont avia-font-entypo-fontello' data-av_icon='\ue8be' data-av_iconfont='entypo-fontello' ><\/span><span class='hr-inner inner-border-av-border-thin'><span class=\"hr-inner-style\"><\/span><\/span><\/div><br \/>\n<section  class='av_textblock_section av-ky8qmkwv-2928b2085f12a802efad47dcbb5121c7 '   itemscope=\"itemscope\" itemtype=\"https:\/\/schema.org\/CreativeWork\" ><div class='avia_textblock'  itemprop=\"text\" ><p>En el Instituto de Medicina est\u00e9tica Avanzada Creu Groga os ofrecemos una amplia gama de l\u00ednea cosm\u00e9tica m\u00e9dica con muchos beneficios respecto a los cosm\u00e9ticos convencionales<\/p>\n<p>Despu\u00e9s de un diagn\u00f3stico m\u00e9dico de la piel realizado por nuestros especialistas, ofrecemos una gamma de cosm\u00e9ticos altamente eficaces, gracias a su formulaci\u00f3n \u00fanica y su alta concentraci\u00f3n en principios activos. Su eficacia viene apoyada por estudios cient\u00edficos y sus resultados son visibles.<\/p>\n<p>Se trata de f\u00f3rmulas exclusivas y precisas que tienen en cuenta las particularidades y necesidades de cada piel, as\u00ed como aquellas condiciones que cada persona desear\u00eda mejorar.<\/p>\n<\/div><\/section><\/p><\/div><div  class='flex_column av-1je0e-546967c19aa9a5394adbcd55a6bebbe7 av_one_third  avia-builder-el-5  el_after_av_one_full  el_before_av_one_third  first flex_column_div  column-top-margin'     ><style type=\"text\/css\" data-created_by=\"avia_inline_auto\" id=\"style-css-av-ky8s08kv-36be5fc5bc344e63a2d5e0128e3131c9\">\n.avia-image-container.av-ky8s08kv-36be5fc5bc344e63a2d5e0128e3131c9 img.avia_image{\nbox-shadow:none;\n}\n.avia-image-container.av-ky8s08kv-36be5fc5bc344e63a2d5e0128e3131c9 .av-image-caption-overlay-center{\ncolor:#ffffff;\n}\n<\/style>\n<div  class='avia-image-container av-ky8s08kv-36be5fc5bc344e63a2d5e0128e3131c9 av-styling- avia-align-center  avia-builder-el-6  avia-builder-el-no-sibling '   itemprop=\"image\" itemscope=\"itemscope\" itemtype=\"https:\/\/schema.org\/ImageObject\" ><div class=\"avia-image-container-inner\"><div class=\"avia-image-overlay-wrap\"><img decoding=\"async\" fetchpriority=\"high\" class='wp-image-1333 avia-img-lazy-loading-not-1333 avia_image ' src=\"https:\/\/institutesteticacreugroga.com\/wp-content\/uploads\/2022\/01\/Logo-Avene.png\" alt='' title='Logo-Avene'  height=\"800\" width=\"800\"  itemprop=\"thumbnailUrl\" srcset=\"https:\/\/institutesteticacreugroga.com\/wp-content\/uploads\/2022\/01\/Logo-Avene.png 800w, https:\/\/institutesteticacreugroga.com\/wp-content\/uploads\/2022\/01\/Logo-Avene-300x300.png 300w, https:\/\/institutesteticacreugroga.com\/wp-content\/uploads\/2022\/01\/Logo-Avene-80x80.png 80w, https:\/\/institutesteticacreugroga.com\/wp-content\/uploads\/2022\/01\/Logo-Avene-768x768.png 768w, https:\/\/institutesteticacreugroga.com\/wp-content\/uploads\/2022\/01\/Logo-Avene-36x36.png 36w, https:\/\/institutesteticacreugroga.com\/wp-content\/uploads\/2022\/01\/Logo-Avene-180x180.png 180w, https:\/\/institutesteticacreugroga.com\/wp-content\/uploads\/2022\/01\/Logo-Avene-705x705.png 705w, https:\/\/institutesteticacreugroga.com\/wp-content\/uploads\/2022\/01\/Logo-Avene-32x32.png 32w, https:\/\/institutesteticacreugroga.com\/wp-content\/uploads\/2022\/01\/Logo-Avene-48x48.png 48w\" sizes=\"(max-width: 800px) 100vw, 800px\" \/><\/div><\/div><\/div><\/div><div  class='flex_column av-10svi-cf6b069a4124fe3a09f37419fe8c22cf av_one_third  avia-builder-el-7  el_after_av_one_third  el_before_av_one_third  flex_column_div avia-link-column av-column-link  column-top-margin'    data-link-column-url=\"https:\/\/institutesteticacreugroga.com\/cosmetica-medica\/medi-derma-by-sesderma\/\"   ><a class=\"av-screen-reader-only\" href=https:\/\/institutesteticacreugroga.com\/cosmetica-medica\/medi-derma-by-sesderma\/ >Link to: Medi-Derma by Sesderma<\/a><style type=\"text\/css\" data-created_by=\"avia_inline_auto\" id=\"style-css-av-ky8s0e8x-e2fc8da088409739a24c2a812d3d6688\">\n.avia-image-container.av-ky8s0e8x-e2fc8da088409739a24c2a812d3d6688 img.avia_image{\nbox-shadow:none;\n}\n.avia-image-container.av-ky8s0e8x-e2fc8da088409739a24c2a812d3d6688 .av-image-caption-overlay-center{\ncolor:#ffffff;\n}\n<\/style>\n<div  class='avia-image-container av-ky8s0e8x-e2fc8da088409739a24c2a812d3d6688 av-styling- avia-align-center  avia-builder-el-8  avia-builder-el-no-sibling '   itemprop=\"image\" itemscope=\"itemscope\" itemtype=\"https:\/\/schema.org\/ImageObject\" ><div class=\"avia-image-container-inner\"><div class=\"avia-image-overlay-wrap\"><img decoding=\"async\" fetchpriority=\"high\" class='wp-image-1337 avia-img-lazy-loading-not-1337 avia_image ' src=\"https:\/\/institutesteticacreugroga.com\/wp-content\/uploads\/2022\/01\/Logo-Mediderma.png\" alt='' title='Logo-Mediderma'  height=\"800\" width=\"800\"  itemprop=\"thumbnailUrl\" srcset=\"https:\/\/institutesteticacreugroga.com\/wp-content\/uploads\/2022\/01\/Logo-Mediderma.png 800w, https:\/\/institutesteticacreugroga.com\/wp-content\/uploads\/2022\/01\/Logo-Mediderma-300x300.png 300w, https:\/\/institutesteticacreugroga.com\/wp-content\/uploads\/2022\/01\/Logo-Mediderma-80x80.png 80w, https:\/\/institutesteticacreugroga.com\/wp-content\/uploads\/2022\/01\/Logo-Mediderma-768x768.png 768w, https:\/\/institutesteticacreugroga.com\/wp-content\/uploads\/2022\/01\/Logo-Mediderma-36x36.png 36w, https:\/\/institutesteticacreugroga.com\/wp-content\/uploads\/2022\/01\/Logo-Mediderma-180x180.png 180w, https:\/\/institutesteticacreugroga.com\/wp-content\/uploads\/2022\/01\/Logo-Mediderma-705x705.png 705w, https:\/\/institutesteticacreugroga.com\/wp-content\/uploads\/2022\/01\/Logo-Mediderma-32x32.png 32w, https:\/\/institutesteticacreugroga.com\/wp-content\/uploads\/2022\/01\/Logo-Mediderma-48x48.png 48w\" sizes=\"(max-width: 800px) 100vw, 800px\" \/><\/div><\/div><\/div><\/div><div  class='flex_column av-ky9uhkrf-cc90f59cc6437e43dc7ede6dc3c71091 av_one_third  avia-builder-el-9  el_after_av_one_third  avia-builder-el-last  flex_column_div  column-top-margin'     ><style type=\"text\/css\" data-created_by=\"avia_inline_auto\" id=\"style-css-av-ky8rzudx-aa92bd094eaa5fa9b01f382a61157684\">\n.avia-image-container.av-ky8rzudx-aa92bd094eaa5fa9b01f382a61157684 img.avia_image{\nbox-shadow:none;\n}\n.avia-image-container.av-ky8rzudx-aa92bd094eaa5fa9b01f382a61157684 .av-image-caption-overlay-center{\ncolor:#ffffff;\n}\n<\/style>\n<div  class='avia-image-container av-ky8rzudx-aa92bd094eaa5fa9b01f382a61157684 av-styling- avia-align-center  avia-builder-el-10  avia-builder-el-no-sibling '   itemprop=\"image\" itemscope=\"itemscope\" itemtype=\"https:\/\/schema.org\/ImageObject\" ><div class=\"avia-image-container-inner\"><div class=\"avia-image-overlay-wrap\"><img decoding=\"async\" fetchpriority=\"high\" class='wp-image-1442 avia-img-lazy-loading-not-1442 avia_image ' src=\"https:\/\/institutesteticacreugroga.com\/wp-content\/uploads\/2022\/01\/Logo-CantabriaLabs.png\" alt='' title='Logo-CantabriaLabs'  height=\"800\" width=\"800\"  itemprop=\"thumbnailUrl\" srcset=\"https:\/\/institutesteticacreugroga.com\/wp-content\/uploads\/2022\/01\/Logo-CantabriaLabs.png 800w, https:\/\/institutesteticacreugroga.com\/wp-content\/uploads\/2022\/01\/Logo-CantabriaLabs-300x300.png 300w, https:\/\/institutesteticacreugroga.com\/wp-content\/uploads\/2022\/01\/Logo-CantabriaLabs-80x80.png 80w, https:\/\/institutesteticacreugroga.com\/wp-content\/uploads\/2022\/01\/Logo-CantabriaLabs-768x768.png 768w, https:\/\/institutesteticacreugroga.com\/wp-content\/uploads\/2022\/01\/Logo-CantabriaLabs-36x36.png 36w, https:\/\/institutesteticacreugroga.com\/wp-content\/uploads\/2022\/01\/Logo-CantabriaLabs-180x180.png 180w, https:\/\/institutesteticacreugroga.com\/wp-content\/uploads\/2022\/01\/Logo-CantabriaLabs-705x705.png 705w, https:\/\/institutesteticacreugroga.com\/wp-content\/uploads\/2022\/01\/Logo-CantabriaLabs-32x32.png 32w, https:\/\/institutesteticacreugroga.com\/wp-content\/uploads\/2022\/01\/Logo-CantabriaLabs-48x48.png 48w\" sizes=\"(max-width: 800px) 100vw, 800px\" \/><\/div><\/div><\/div><\/div>\n","protected":false},"excerpt":{"rendered":"","protected":false},"author":2,"featured_media":0,"parent":0,"menu_order":0,"comment_status":"closed","ping_status":"closed","template":"","meta":{"footnotes":""},"class_list":["post-1315","page","type-page","status-publish","hentry"],"yoast_head":"<!-- This site is optimized with the Yoast SEO plugin v27.5 - https:\/\/yoast.com\/product\/yoast-seo-wordpress\/ -->\n<title>Cosm\u00e9tica M\u00e9dica - Institut Estetica Creu Groga<\/title>\n<meta name=\"robots\" content=\"index, follow, max-snippet:-1, max-image-preview:large, max-video-preview:-1\" \/>\n<link rel=\"canonical\" href=\"https:\/\/institutesteticacreugroga.com\/es\/cosmetica-medica\/\" \/>\n<meta property=\"og:locale\" content=\"es_ES\" \/>\n<meta property=\"og:type\" content=\"article\" \/>\n<meta property=\"og:title\" content=\"Cosm\u00e9tica M\u00e9dica - Institut Estetica Creu Groga\" \/>\n<meta property=\"og:url\" content=\"https:\/\/institutesteticacreugroga.com\/es\/cosmetica-medica\/\" \/>\n<meta property=\"og:site_name\" content=\"Institut Estetica Creu Groga\" \/>\n<meta property=\"article:modified_time\" content=\"2022-01-17T11:47:19+00:00\" \/>\n<meta name=\"twitter:card\" content=\"summary_large_image\" \/>\n<meta name=\"twitter:label1\" content=\"Tiempo de lectura\" \/>\n\t<meta name=\"twitter:data1\" content=\"9 minutos\" \/>\n<script type=\"application\/ld+json\" class=\"yoast-schema-graph\">{\"@context\":\"https:\\\/\\\/schema.org\",\"@graph\":[{\"@type\":\"WebPage\",\"@id\":\"https:\\\/\\\/institutesteticacreugroga.com\\\/es\\\/cosmetica-medica\\\/\",\"url\":\"https:\\\/\\\/institutesteticacreugroga.com\\\/es\\\/cosmetica-medica\\\/\",\"name\":\"Cosm\u00e9tica M\u00e9dica - Institut Estetica Creu Groga\",\"isPartOf\":{\"@id\":\"https:\\\/\\\/institutesteticacreugroga.com\\\/es\\\/#website\"},\"datePublished\":\"2021-11-09T12:56:42+00:00\",\"dateModified\":\"2022-01-17T11:47:19+00:00\",\"breadcrumb\":{\"@id\":\"https:\\\/\\\/institutesteticacreugroga.com\\\/es\\\/cosmetica-medica\\\/#breadcrumb\"},\"inLanguage\":\"es\",\"potentialAction\":[{\"@type\":\"ReadAction\",\"target\":[\"https:\\\/\\\/institutesteticacreugroga.com\\\/es\\\/cosmetica-medica\\\/\"]}]},{\"@type\":\"BreadcrumbList\",\"@id\":\"https:\\\/\\\/institutesteticacreugroga.com\\\/es\\\/cosmetica-medica\\\/#breadcrumb\",\"itemListElement\":[{\"@type\":\"ListItem\",\"position\":1,\"name\":\"Portada\",\"item\":\"https:\\\/\\\/institutesteticacreugroga.com\\\/es\\\/inicio\\\/\"},{\"@type\":\"ListItem\",\"position\":2,\"name\":\"Cosm\u00e9tica M\u00e9dica\"}]},{\"@type\":\"WebSite\",\"@id\":\"https:\\\/\\\/institutesteticacreugroga.com\\\/es\\\/#website\",\"url\":\"https:\\\/\\\/institutesteticacreugroga.com\\\/es\\\/\",\"name\":\"Institut Estetica Creu Groga\",\"description\":\"Just another WordPress site\",\"potentialAction\":[{\"@type\":\"SearchAction\",\"target\":{\"@type\":\"EntryPoint\",\"urlTemplate\":\"https:\\\/\\\/institutesteticacreugroga.com\\\/es\\\/?s={search_term_string}\"},\"query-input\":{\"@type\":\"PropertyValueSpecification\",\"valueRequired\":true,\"valueName\":\"search_term_string\"}}],\"inLanguage\":\"es\"}]}<\/script>\n<!-- \/ Yoast SEO plugin. -->","yoast_head_json":{"title":"Cosm\u00e9tica M\u00e9dica - Institut Estetica Creu Groga","robots":{"index":"index","follow":"follow","max-snippet":"max-snippet:-1","max-image-preview":"max-image-preview:large","max-video-preview":"max-video-preview:-1"},"canonical":"https:\/\/institutesteticacreugroga.com\/es\/cosmetica-medica\/","og_locale":"es_ES","og_type":"article","og_title":"Cosm\u00e9tica M\u00e9dica - Institut Estetica Creu Groga","og_url":"https:\/\/institutesteticacreugroga.com\/es\/cosmetica-medica\/","og_site_name":"Institut Estetica Creu Groga","article_modified_time":"2022-01-17T11:47:19+00:00","twitter_card":"summary_large_image","twitter_misc":{"Tiempo de lectura":"9 minutos"},"schema":{"@context":"https:\/\/schema.org","@graph":[{"@type":"WebPage","@id":"https:\/\/institutesteticacreugroga.com\/es\/cosmetica-medica\/","url":"https:\/\/institutesteticacreugroga.com\/es\/cosmetica-medica\/","name":"Cosm\u00e9tica M\u00e9dica - Institut Estetica Creu Groga","isPartOf":{"@id":"https:\/\/institutesteticacreugroga.com\/es\/#website"},"datePublished":"2021-11-09T12:56:42+00:00","dateModified":"2022-01-17T11:47:19+00:00","breadcrumb":{"@id":"https:\/\/institutesteticacreugroga.com\/es\/cosmetica-medica\/#breadcrumb"},"inLanguage":"es","potentialAction":[{"@type":"ReadAction","target":["https:\/\/institutesteticacreugroga.com\/es\/cosmetica-medica\/"]}]},{"@type":"BreadcrumbList","@id":"https:\/\/institutesteticacreugroga.com\/es\/cosmetica-medica\/#breadcrumb","itemListElement":[{"@type":"ListItem","position":1,"name":"Portada","item":"https:\/\/institutesteticacreugroga.com\/es\/inicio\/"},{"@type":"ListItem","position":2,"name":"Cosm\u00e9tica M\u00e9dica"}]},{"@type":"WebSite","@id":"https:\/\/institutesteticacreugroga.com\/es\/#website","url":"https:\/\/institutesteticacreugroga.com\/es\/","name":"Institut Estetica Creu Groga","description":"Just another WordPress site","potentialAction":[{"@type":"SearchAction","target":{"@type":"EntryPoint","urlTemplate":"https:\/\/institutesteticacreugroga.com\/es\/?s={search_term_string}"},"query-input":{"@type":"PropertyValueSpecification","valueRequired":true,"valueName":"search_term_string"}}],"inLanguage":"es"}]}},"_links":{"self":[{"href":"https:\/\/institutesteticacreugroga.com\/es\/wp-json\/wp\/v2\/pages\/1315","targetHints":{"allow":["GET"]}}],"collection":[{"href":"https:\/\/institutesteticacreugroga.com\/es\/wp-json\/wp\/v2\/pages"}],"about":[{"href":"https:\/\/institutesteticacreugroga.com\/es\/wp-json\/wp\/v2\/types\/page"}],"author":[{"embeddable":true,"href":"https:\/\/institutesteticacreugroga.com\/es\/wp-json\/wp\/v2\/users\/2"}],"replies":[{"embeddable":true,"href":"https:\/\/institutesteticacreugroga.com\/es\/wp-json\/wp\/v2\/comments?post=1315"}],"version-history":[{"count":0,"href":"https:\/\/institutesteticacreugroga.com\/es\/wp-json\/wp\/v2\/pages\/1315\/revisions"}],"wp:attachment":[{"href":"https:\/\/institutesteticacreugroga.com\/es\/wp-json\/wp\/v2\/media?parent=1315"}],"curies":[{"name":"wp","href":"https:\/\/api.w.org\/{rel}","templated":true}]}}